{"id":1050,"date":"2021-05-20T16:44:02","date_gmt":"2021-05-20T16:44:02","guid":{"rendered":"https:\/\/www.ealive.at\/?page_id=1050"},"modified":"2025-12-10T15:12:53","modified_gmt":"2025-12-10T14:12:53","slug":"photography-home","status":"publish","type":"page","link":"https:\/\/www.ealive.at\/de\/","title":{"rendered":"EALive Home"},"content":{"rendered":"<p><div class=\"fusion-fullwidth fullwidth-box fusion-builder-row-1 fusion-flex-container fusion-parallax-fixed nonhundred-percent-fullwidth non-hundred-percent-height-scrolling\" style=\"--awb-border-radius-top-left:0px;--awb-border-radius-top-right:0px;--awb-border-radius-bottom-right:0px;--awb-border-radius-bottom-left:0px;--awb-padding-top:6vw;--awb-padding-bottom:6vw;--awb-min-height:100vh;--awb-background-image:url(&quot;https:\/\/www.ealive.at\/wp-content\/uploads\/2022\/03\/slider-home2.jpg&quot;);--awb-background-size:cover;background-attachment:fixed;\" data-preload-img=\"https:\/\/www.ealive.at\/wp-content\/uploads\/2022\/03\/slider-home2.jpg\" ><div class=\"fusion-builder-row fusion-row fusion-flex-align-items-flex-start fusion-flex-align-content-center\" style=\"max-width:1216.8px;margin-left: calc(-4% \/ 2 );margin-right: calc(-4% \/ 2 );\"><div class=\"fusion-layout-column fusion_builder_column fusion-builder-column-0 fusion_builder_column_1_1 1_1 fusion-flex-column fusion-animated\" style=\"--awb-bg-size:cover;--awb-width-large:100%;--awb-margin-top-large:0px;--awb-spacing-right-large:1.92%;--awb-margin-bottom-large:50px;--awb-spacing-left-large:1.92%;--awb-width-medium:100%;--awb-order-medium:0;--awb-spacing-right-medium:1.92%;--awb-spacing-left-medium:1.92%;--awb-width-small:100%;--awb-order-small:0;--awb-spacing-right-small:1.92%;--awb-spacing-left-small:1.92%;\" data-animationtype=\"fadeInUp\" data-animationduration=\"0.8\" data-animationoffset=\"top-into-view\"><div class=\"fusion-column-wrapper fusion-column-has-shadow fusion-flex-justify-content-center fusion-content-layout-column\"><div class=\"fusion-title title fusion-title-1 fusion-sep-none fusion-title-center fusion-title-text fusion-title-size-two\" style=\"--awb-text-color:var(--awb-color1);--awb-margin-bottom:0px;--awb-sep-color:var(--awb-color1);--awb-font-size:var(--awb-typography2-font-size);\"><h2 class=\"title-heading-center fusion-responsive-typography-calculated\" style=\"font-family:var(--awb-typography2-font-family);font-weight:var(--awb-typography2-font-weight);font-style:var(--awb-typography2-font-style);margin:0;font-size:1em;letter-spacing:var(--awb-typography2-letter-spacing);text-transform:var(--awb-typography2-text-transform);--fontSize:22;--minFontSize:22;line-height:var(--awb-typography2-line-height);\">\u2014 UNSERE PARTYS BILDEN DEN RAHMEN F\u00dcR UNVERGESSLICHE N\u00c4CHTE \u2014<\/h2><\/div><div class=\"fusion-title title fusion-title-2 fusion-sep-none fusion-title-center fusion-title-text fusion-title-size-one\" style=\"--awb-font-size:100px;\"><h1 class=\"title-heading-center fusion-responsive-typography-calculated\" style=\"font-family:&#039;Trebuchet MS&#039;, Helvetica, sans-serif;font-style:normal;font-weight:400;margin:0;font-size:1em;letter-spacing:var(--awb-custom_typography_1-letter-spacing);text-transform:var(--awb-custom_typography_1-text-transform);--fontSize:100;line-height:var(--awb-custom_typography_1-line-height);\">ENTERTAINMENT AGENCY LIVE<\/h1><\/div><div style=\"text-align:center;\"><a class=\"fusion-button button-flat button-large button-custom fusion-button-default button-1 fusion-button-span-no fusion-button-default-type\" style=\"--button_accent_color:hsla(var(--awb-color5-h),var(--awb-color5-s),calc( var(--awb-color5-l) + 56% ),var(--awb-color5-a));--button_accent_hover_color:var(--awb-color1);--button_border_hover_color:var(--awb-color1);--button_border_width-top:1px;--button_border_width-right:1px;--button_border_width-bottom:1px;--button_border_width-left:1px;--button_gradient_top_color:hsla(var(--awb-color1-h),var(--awb-color1-s),var(--awb-color1-l),calc(var(--awb-color1-a) - 100%));--button_gradient_bottom_color:hsla(var(--awb-color1-h),var(--awb-color1-s),var(--awb-color1-l),calc(var(--awb-color1-a) - 100%));--button_gradient_top_color_hover:hsla(var(--awb-color1-h),var(--awb-color1-s),var(--awb-color1-l),calc(var(--awb-color1-a) - 100%));--button_gradient_bottom_color_hover:hsla(var(--awb-color1-h),var(--awb-color1-s),var(--awb-color1-l),calc(var(--awb-color1-a) - 100%));--button_margin-left:10px;\" target=\"_self\" href=\"https:\/\/www.ealive.at\/de\/entertainment-agency-artists\/\"><span class=\"fusion-button-text\">EA ARTISTS<\/span><\/a><\/div><\/div><\/div><\/div><\/div><div class=\"fusion-fullwidth fullwidth-box fusion-builder-row-2 fusion-flex-container has-pattern-background has-mask-background nonhundred-percent-fullwidth non-hundred-percent-height-scrolling\" style=\"--link_hover_color: var(--awb-color3);--awb-background-position:left top;--awb-border-sizes-top:0px;--awb-border-sizes-bottom:0px;--awb-border-sizes-left:0px;--awb-border-sizes-right:0px;--awb-border-radius-top-left:0px;--awb-border-radius-top-right:0px;--awb-border-radius-bottom-right:0px;--awb-border-radius-bottom-left:0px;--awb-padding-top:60px;--awb-padding-bottom:2.5%;--awb-background-color:var(--awb-color1);\" ><div class=\"fusion-builder-row fusion-row fusion-flex-align-items-flex-start\" style=\"max-width:calc( 1170px + 0px );margin-left: calc(-0px \/ 2 );margin-right: calc(-0px \/ 2 );\"><div class=\"fusion-layout-column fusion_builder_column fusion-builder-column-1 fusion_builder_column_1_1 1_1 fusion-flex-column\" style=\"--awb-padding-top:0%;--awb-padding-right:15%;--awb-padding-bottom:0%;--awb-padding-left:15%;--awb-padding-right-small:0px;--awb-padding-left-small:0px;--awb-bg-blend:overlay;--awb-bg-size:cover;--awb-width-large:100%;--awb-margin-top-large:0px;--awb-spacing-right-large:0px;--awb-margin-bottom-large:50px;--awb-spacing-left-large:0px;--awb-width-medium:100%;--awb-spacing-right-medium:0px;--awb-spacing-left-medium:0px;--awb-width-small:100%;--awb-spacing-right-small:0px;--awb-margin-bottom-small:20px;--awb-spacing-left-small:0px;\"><div class=\"fusion-column-wrapper fusion-flex-justify-content-flex-start fusion-content-layout-column\"><div class=\"fusion-title title fusion-title-3 fusion-sep-none fusion-title-center fusion-title-text fusion-title-size-three\" style=\"--awb-text-color:var(--awb-color5);\"><h3 class=\"title-heading-center fusion-responsive-typography-calculated\" style=\"margin:0;text-transform:uppercase;--fontSize:22;--minFontSize:22;line-height:var(--awb-typography1-line-height);\">WIR SCHAFFEN ERINNERUNGEN<\/h3><\/div><div class=\"fusion-text fusion-text-1\" style=\"--awb-content-alignment:center;--awb-line-height:25px;--awb-text-transform:none;\"><p class=\"has-text-align-center\">Durch unsere t\u00e4gliche Zusammenarbeit mit Europas Agenten, Managern und Tourneeveranstaltern lassen sich gro\u00dfe Synergien im Gesch\u00e4ftsfeld der K\u00fcnstlervermittlung erzielen.<\/p>\n<p class=\"has-text-align-center\">Anstelle der exklusiven Vertretung eines K\u00fcnstlers stehen unsere Kompetenz, die \"Kaufkraft\" und vor allem der pers\u00f6nliche Kontakt im Vordergrund.<\/p>\n<p class=\"has-text-align-center\">Sie bekommen den richtigen K\u00fcnstler zu hervorragenden Konditionen und gleichzeitig das gute Gef\u00fchl der Sicherheit.<\/p>\n<p class=\"has-text-align-center\">International stars such as Zucchero or Boney M. were referred to customers with pinpoint accuracy. Various organizers obtain artists from us for first-class events. For example, newspaper publishers can deliver entire family programs or anniversaries. From large-scale children\u2019s parties to evening open air highlights, <a href=\"mailto:david@entertainmentagency.at\">David Kaburek<\/a> is your contact.<\/p>\n<\/div><\/div><\/div><\/div><\/div><\/p>","protected":false},"excerpt":{"rendered":"","protected":false},"author":2,"featured_media":0,"parent":0,"menu_order":0,"comment_status":"closed","ping_status":"closed","template":"100-width.php","meta":[],"_links":{"self":[{"href":"https:\/\/www.ealive.at\/de\/wp-json\/wp\/v2\/pages\/1050"}],"collection":[{"href":"https:\/\/www.ealive.at\/de\/wp-json\/wp\/v2\/pages"}],"about":[{"href":"https:\/\/www.ealive.at\/de\/wp-json\/wp\/v2\/types\/page"}],"author":[{"embeddable":true,"href":"https:\/\/www.ealive.at\/de\/wp-json\/wp\/v2\/users\/2"}],"replies":[{"embeddable":true,"href":"https:\/\/www.ealive.at\/de\/wp-json\/wp\/v2\/comments?post=1050"}],"version-history":[{"count":34,"href":"https:\/\/www.ealive.at\/de\/wp-json\/wp\/v2\/pages\/1050\/revisions"}],"predecessor-version":[{"id":22946,"href":"https:\/\/www.ealive.at\/de\/wp-json\/wp\/v2\/pages\/1050\/revisions\/22946"}],"wp:attachment":[{"href":"https:\/\/www.ealive.at\/de\/wp-json\/wp\/v2\/media?parent=1050"}],"curies":[{"name":"wp","href":"https:\/\/api.w.org\/{rel}","templated":true}]}}