{"id":21516,"date":"2022-03-03T08:50:10","date_gmt":"2022-03-03T07:50:10","guid":{"rendered":"https:\/\/www.ealive.at\/?page_id=21516"},"modified":"2025-12-10T14:09:18","modified_gmt":"2025-12-10T13:09:18","slug":"company-information","status":"publish","type":"page","link":"https:\/\/www.ealive.at\/de\/company-information\/","title":{"rendered":"Impressum"},"content":{"rendered":"<div class=\"fusion-fullwidth fullwidth-box fusion-builder-row-1 fusion-flex-container nonhundred-percent-fullwidth non-hundred-percent-height-scrolling\" style=\"--link_hover_color: var(--awb-color3);--awb-background-position:left top;--awb-border-sizes-top:0px;--awb-border-sizes-bottom:0px;--awb-border-sizes-left:0px;--awb-border-sizes-right:0px;--awb-border-radius-top-left:0px;--awb-border-radius-top-right:0px;--awb-border-radius-bottom-right:0px;--awb-border-radius-bottom-left:0px;--awb-padding-top:60px;--awb-padding-bottom:80px;--awb-padding-right-medium:8%;--awb-padding-left-medium:8%;--awb-padding-top-small:50px;--awb-background-color:var(--awb-color1);\" ><div class=\"fusion-builder-row fusion-row fusion-flex-align-items-flex-start fusion-flex-justify-content-center\" style=\"max-width:1216.8px;margin-left: calc(-4% \/ 2 );margin-right: calc(-4% \/ 2 );\"><div class=\"fusion-layout-column fusion_builder_column fusion-builder-column-0 fusion_builder_column_1_1 1_1 fusion-flex-column\" style=\"--awb-padding-top:0%;--awb-padding-right:10%;--awb-padding-bottom:0%;--awb-padding-left:10%;--awb-padding-right-medium:20px;--awb-padding-left-medium:20px;--awb-bg-size:cover;--awb-width-large:100%;--awb-margin-top-large:0px;--awb-spacing-right-large:1.92%;--awb-margin-bottom-large:30px;--awb-spacing-left-large:1.92%;--awb-width-medium:100%;--awb-spacing-right-medium:1.92%;--awb-margin-bottom-medium:30px;--awb-spacing-left-medium:1.92%;--awb-width-small:100%;--awb-spacing-right-small:1.92%;--awb-spacing-left-small:1.92%;\"><div class=\"fusion-column-wrapper fusion-flex-justify-content-flex-start fusion-content-layout-column\"><div class=\"fusion-separator fusion-full-width-sep\" style=\"align-self: center;margin-left: auto;margin-right: auto;margin-top:50px;width:100%;\"><\/div><div class=\"fusion-title title fusion-title-1 fusion-sep-none fusion-title-text fusion-title-size-two\"><h2 class=\"title-heading-left fusion-responsive-typography-calculated\" style=\"margin:0;text-transform:uppercase;--fontSize:30;line-height:1.2;\">IMPRESSUM<\/h2><\/div><div class=\"fusion-separator\" style=\"align-self: flex-start;margin-right:auto;margin-top:10px;width:100%;max-width:50px;\"><div class=\"fusion-separator-border sep-single sep-solid\" style=\"--awb-height:20px;--awb-amount:20px;--awb-sep-color:var(--awb-color5);border-color:var(--awb-color5);border-top-width:1px;\"><\/div><\/div><div class=\"fusion-separator fusion-full-width-sep\" style=\"align-self: center;margin-left: auto;margin-right: auto;margin-top:30px;width:100%;\"><\/div><div class=\"fusion-text fusion-text-1\" style=\"--awb-line-height:25px;--awb-text-transform:none;\"><p>Verantwortlich f\u00fcr den Inhalt dieser Webseite:<\/p>\n<p>EAL Entertainment Agency Live GmbH<br \/>\nDavid Kaburek (CEO)<br \/>\nSchulerstrasse 1-3 \/ 67A<br \/>\n1010 Vienna<\/p>\n<p>FN 528370s<br \/>\nUID ATU75277157<\/p>\n<p>Email: <a href=\"mailto:david@entertainmentagency.at\">david(at)entertainmentagency.at<\/a><\/p>\n<p>Web: <a href=\"http:\/\/www.ealive.com\/\">www.ealive.com<\/a><\/p>\n<p>Der Inhalt dieser Website ist urheberrechtlich gesch\u00fctzt. Alle Rechte, auch betreffend der Fotos, des Nachdrucks und der Vervielf\u00e4ltigung des Inhalts oder Teilen daraus, sind vorbehalten. Der Inhalt dieser Seite darf in keiner Form ohne schriftliche Genehmigung durch David Kaburek reproduziert oder verarbeitet, vervielf\u00e4ltigt oder verbreitet werden.<\/p>\n<p>Obwohl die Inhalte der Seiten mit gr\u00f6\u00dftm\u00f6glicher Sorgfalt erstellt worden sind, \u00fcbernimmt der Betreiber keine Haftung f\u00fcr deren Aktualit\u00e4t, Vollst\u00e4ndigkeit und Richtigkeit. Unsere Seiten beinhalten auch Links zu externen Webseiten, auf deren Inhalt wir keinen Einfluss haben. Aus diesem Grund k\u00f6nnen wir f\u00fcr diese fremden Inhalte auch keinerlei Haftung \u00fcbernehmen. F\u00fcr diese Inhalte ist der jeweilige Anbieter bzw. Betreiber verantwortlich.<\/p>\n<\/div><\/div><\/div><\/div><\/div>","protected":false},"excerpt":{"rendered":"","protected":false},"author":2,"featured_media":0,"parent":0,"menu_order":0,"comment_status":"closed","ping_status":"closed","template":"100-width.php","meta":[],"_links":{"self":[{"href":"https:\/\/www.ealive.at\/de\/wp-json\/wp\/v2\/pages\/21516"}],"collection":[{"href":"https:\/\/www.ealive.at\/de\/wp-json\/wp\/v2\/pages"}],"about":[{"href":"https:\/\/www.ealive.at\/de\/wp-json\/wp\/v2\/types\/page"}],"author":[{"embeddable":true,"href":"https:\/\/www.ealive.at\/de\/wp-json\/wp\/v2\/users\/2"}],"replies":[{"embeddable":true,"href":"https:\/\/www.ealive.at\/de\/wp-json\/wp\/v2\/comments?post=21516"}],"version-history":[{"count":9,"href":"https:\/\/www.ealive.at\/de\/wp-json\/wp\/v2\/pages\/21516\/revisions"}],"predecessor-version":[{"id":22943,"href":"https:\/\/www.ealive.at\/de\/wp-json\/wp\/v2\/pages\/21516\/revisions\/22943"}],"wp:attachment":[{"href":"https:\/\/www.ealive.at\/de\/wp-json\/wp\/v2\/media?parent=21516"}],"curies":[{"name":"wp","href":"https:\/\/api.w.org\/{rel}","templated":true}]}}