{"id":21529,"date":"2022-03-03T09:00:44","date_gmt":"2022-03-03T08:00:44","guid":{"rendered":"https:\/\/www.ealive.at\/?page_id=21529"},"modified":"2022-03-03T10:47:06","modified_gmt":"2022-03-03T09:47:06","slug":"data-privacy-statement","status":"publish","type":"page","link":"https:\/\/www.ealive.at\/de\/data-privacy-statement\/","title":{"rendered":"Datenschutzerkl\u00e4rung"},"content":{"rendered":"<div class=\"fusion-fullwidth fullwidth-box fusion-builder-row-1 fusion-flex-container nonhundred-percent-fullwidth non-hundred-percent-height-scrolling\" style=\"--link_hover_color: var(--awb-color3);--awb-background-position:left top;--awb-border-sizes-top:0px;--awb-border-sizes-bottom:0px;--awb-border-sizes-left:0px;--awb-border-sizes-right:0px;--awb-border-radius-top-left:0px;--awb-border-radius-top-right:0px;--awb-border-radius-bottom-right:0px;--awb-border-radius-bottom-left:0px;--awb-padding-top:60px;--awb-padding-bottom:80px;--awb-padding-right-medium:8%;--awb-padding-left-medium:8%;--awb-padding-top-small:50px;--awb-background-color:var(--awb-color1);\" ><div class=\"fusion-builder-row fusion-row fusion-flex-align-items-flex-start fusion-flex-justify-content-center\" style=\"max-width:1216.8px;margin-left: calc(-4% \/ 2 );margin-right: calc(-4% \/ 2 );\"><div class=\"fusion-layout-column fusion_builder_column fusion-builder-column-0 fusion_builder_column_1_1 1_1 fusion-flex-column\" style=\"--awb-padding-top:0%;--awb-padding-right:10%;--awb-padding-bottom:0%;--awb-padding-left:10%;--awb-padding-right-medium:20px;--awb-padding-left-medium:20px;--awb-bg-size:cover;--awb-width-large:100%;--awb-margin-top-large:0px;--awb-spacing-right-large:1.92%;--awb-margin-bottom-large:30px;--awb-spacing-left-large:1.92%;--awb-width-medium:100%;--awb-spacing-right-medium:1.92%;--awb-margin-bottom-medium:30px;--awb-spacing-left-medium:1.92%;--awb-width-small:100%;--awb-spacing-right-small:1.92%;--awb-spacing-left-small:1.92%;\"><div class=\"fusion-column-wrapper fusion-flex-justify-content-flex-start fusion-content-layout-column\"><div class=\"fusion-separator fusion-full-width-sep\" style=\"align-self: center;margin-left: auto;margin-right: auto;margin-top:50px;width:100%;\"><\/div><div class=\"fusion-title title fusion-title-1 fusion-sep-none fusion-title-text fusion-title-size-two\"><h2 class=\"title-heading-left fusion-responsive-typography-calculated\" style=\"margin:0;text-transform:uppercase;--fontSize:30;line-height:1.2;\">DATENSCHUTZERKL\u00c4RUNG<\/h2><\/div><div class=\"fusion-separator\" style=\"align-self: flex-start;margin-right:auto;margin-top:10px;width:100%;max-width:50px;\"><div class=\"fusion-separator-border sep-single sep-solid\" style=\"--awb-height:20px;--awb-amount:20px;--awb-sep-color:var(--awb-color5);border-color:var(--awb-color5);border-top-width:1px;\"><\/div><\/div><div class=\"fusion-separator fusion-full-width-sep\" style=\"align-self: center;margin-left: auto;margin-right: auto;margin-top:30px;width:100%;\"><\/div><div class=\"fusion-text fusion-text-1\" style=\"--awb-line-height:25px;--awb-text-transform:none;\"><p><strong>Datenschutz<\/strong><\/p>\n<p>Bitte nehmen Sie sich Zeit, diese Datenschutzerkl\u00e4rung zu lesen. Der Schutz Ihrer personenbezogenen Daten ist uns wichtig.<\/p>\n<p>Wir erkl\u00e4ren Ihnen hier, wie wir mit personenbezogenen Daten umgehen, die Sie uns bekannt geben und die wir durch Ihre Nutzung unserer Website http:\/\/www.ealive.com erhalten. Weiters erkl\u00e4ren wir Ihnen, welche Cookies wir auf Ihrem Rechner speichern und welche Daten wir darin ablegen. <a href=\"http:\/\/www.ealive.com\/\" rel=\"nofollow\">http:\/\/www.ealive.com<\/a> We also explain which cookies we store on your computer and which data we store in it.<\/p>\n<p>Wenn Sie unsere Website besuchen und Ihren Internetbrowser so eingestellt haben, dass Sie unsere Cookies akzeptieren, gehen wir davon aus, dass Sie mit der Speicherung dieser Cookies einverstanden sind.<\/p>\n<p><strong>Die Verwendung und Verarbeitung Ihrer personenbezogenen Daten erfolgt durch:<\/strong><\/p>\n<p>EAL Entertainment Agency Live GmbH<br \/>\nDavid Kaburek<br \/>\nGeiselbergstrasse 36<br \/>\n1110 Vienna, Austria<\/p>\n<p>Email: <a href=\"mailto:office@entertainmentagency.at\">office(at)entertainmentagency.at<\/a><\/p>\n<p>Kontaktieren Sie uns, wenn Sie Fragen haben oder Auskunft, Richtigstellung oder die L\u00f6schung von Daten w\u00fcnschen.<\/p>\n<p><strong>Unser Kontaktformular finden Sie hier: <\/strong><a href=\"https:\/\/ealive.com\/contact\"><strong>https:\/\/ealive.com\/contact<\/strong><\/a><u><\/u><\/p>\n<p><strong>WANN und f\u00fcr WELCHEN Zweck werden Ihre Daten erfasst und genutzt?<\/strong><\/p>\n<p>Bei der Verarbeitung Ihrer personenbezogenen Daten richten wir uns nach den einschl\u00e4gigen Datenschutzvorschriften. Wir verwenden die Daten ausschlie\u00dflich f\u00fcr Zwecke innerhalb der Grenzen unseres Unternehmensgegenstands.<\/p>\n<p>Auch dann, wenn Sie keine Aktion der auf http:\/\/www.ealive.comm\u00f6glichen t\u00e4tigen, erfassen wir Daten, die uns Ihr Internetbrowser mitteilt (u.a. den Namen der abgerufenen Datei, Datum und Uhrzeit des Abrufs, \u00fcbertragene Datenmenge, Statusmeldung \u00fcber den erfolgten Abruf, Typ Ihres Internetbrowsers, Ihre Bildschirmaufl\u00f6sung, Ihr Betriebssystem, die eingestellte Sprache und die Domain jener Website, von der aus Sie zu uns gekommen sind). <a href=\"http:\/\/www.ealive.com\/\" rel=\"nofollow\">http:\/\/www.ealive.com<\/a>, we collect data that your Internet browser tells us (including the name of the file called up, date and time of the call, amount of data transferred, status report on the call made, type Your internet browser, your screen resolution, your operating system, the language set and the domain of the website from which you came to us).<\/p>\n<p>Diese Daten verarbeiten wir zu einer anonymisierten Zugriffsstatistik, damit wir z.B. erfahren, aus welchen L\u00e4ndern unsere Besucher stammen.<\/p>\n<p><strong>Die Datenverarbeitung erfolgt auf Basis der gesetzlichen Bestimmungen des \u00a7 96 Abs 3 TKG sowie des Art 6 DSGVO (insbesondere Einwilligung und\/oder Notwendigkeit der Vertragserf\u00fcllung). (in particular consent and\/or necessity of contract fulfillment).<\/strong> (in particular consent and\/or necessity of contract fulfillment).<\/p>\n<p><strong>Kontaktm\u00f6glichkeit \u00fcber die Internetseite<\/strong><\/p>\n<p class=\" translation-block\">Die Internetseite http:\/\/www.ealive.com enth\u00e4lt aufgrund von gesetzlichen Vorschriften Angaben, die eine schnelle elektronische Kontaktaufnahme zu unserem Unternehmen sowie eine unmittelbare Kommunikation mit uns erm\u00f6glichen, was ebenfalls eine allgemeine Adresse der sogenannten elektronischen Post (E-Mail-Adresse) umfasst. Sofern eine betroffene Person per E-Mail oder \u00fcber ein Kontaktformular den Kontakt mit dem f\u00fcr die Verarbeitung Verantwortlichen aufnimmt, werden die von der betroffenen Person \u00fcbermittelten personenbezogenen Daten automatisch gespeichert. Solche auf freiwilliger Basis von einer betroffenen Person an den f\u00fcr die Verarbeitung Verantwortlichen \u00fcbermittelten personenbezogenen Daten werden f\u00fcr Zwecke der Bearbeitung oder der Kontaktaufnahme zur betroffenen Person gespeichert. Es erfolgt keine Weitergabe dieser personenbezogenen Daten an Dritte.<\/p>\n<p>Wir k\u00f6nnen Ihre personenbezogenen Daten auch auf andere Weise nutzen und werden besonders zum Zeitpunkt der Erhebung darauf hinweisen und Ihre Einwilligung einholen, soweit dies erforderlich ist.<\/p>\n<p><strong>WIE und an WEN geben wir Ihre personenbezogenen Daten weiter?<\/strong><\/p>\n<p>Bei der Weitergabe Ihrer personenbezogenen Daten achten wir stets auf h\u00f6chstes Sicherheitsniveau. Daher werden Ihre Daten nur an vorher sorgf\u00e4ltig ausgew\u00e4hlte und vertraglich verpflichtete Dienstleister und Partnerunternehmen weitergegeben, wenn es erforderlich wird.<\/p>\n<p>Diese haben sich zur Einhaltung der geltenden datenschutzrechtlichen Bestimmungen und gr\u00f6\u00dftenteils auch zur Geheimhaltung uns gegen\u00fcber verpflichtet.<\/p>\n<p>In folgenden F\u00e4llen geben wir Daten an Dritte zur eigenverantwortlichen Nutzung f\u00fcr die Vertragsabwicklung:<\/p>\n<p>\u2022 Bei der Auslieferung an Logistikunternehmen und den bei der Bestellung angegebenen Postdienstleister.<\/p>\n<p>\u2022 Bei der Bezahlung von Waren an den bei der Bestellung angegebenen Zahlungsdienstanbieter<\/p>\n<p><strong>SCHUTZ und VERWALTUNG Ihrer personenbezogenen Daten<\/strong><\/p>\n<p>Die Sicherheit Ihrer personenbezogenen Daten ist f\u00fcr uns sehr wichtig. Ihre bei uns gespeicherten Daten sch\u00fctzen wir deshalb durch technische und organisatorische Ma\u00dfnahmen, um einem Verlust oder Missbrauch durch Dritte wirkungsvoll vorzubeugen. Insbesondere werden unsere Mitarbeiter, die personenbezogene Daten verarbeiten, auf das Datengeheimnis verpflichtet und m\u00fcssen dieses einhalten. Wir achten au\u00dferdem darauf, dass ausschlie\u00dflich legitimierte Mitarbeiter im Unternehmen Zugriff zu Ihren personenbezogenen Daten erhalten.<\/p>\n<p><strong>Verschl\u00fcsselung und Sicherheit<\/strong><\/p>\n<p>Wir verwenden eine Vielzahl von technischen und organisatorischen Sicherheitsma\u00dfnahmen wie anspruchsvolle Verschl\u00fcsselungs- und Authentifizierungswerkzeuge, um die Sicherheit Ihrer personenbezogenen Daten zu gew\u00e4hrleisten. Zum Schutz der Kommunikation \u00fcber Ihren Internet-Browser verwenden wir z.B. SSL=Secure Socket Layer. Dies erkennen Sie an dem Schloss-Symbol, das Ihr Browser bei einer SSL-Verbindung anzeigt.<\/p>\n<p>Ihre personenbezogenen Daten werden durch gesicherte Netzwerke gesch\u00fctzt und sind nur f\u00fcr eine begrenzte Zahl von Personen zug\u00e4nglich, die besondere Zugriffsrechte f\u00fcr diese Systeme haben.<\/p>\n<p><strong>Speicherung Ihrer Daten<\/strong><\/p>\n<p>Das Kriterium f\u00fcr die Dauer der Speicherung von personenbezogenen Daten ist die jeweilige gesetzliche Aufbewahrungsfrist. Nach Ablauf der Frist werden die entsprechenden Daten routinem\u00e4\u00dfig gel\u00f6scht, sofern sie nicht mehr zur Vertragserf\u00fcllung oder Service erforderlich sind.<\/p>\n<p><strong>Routinem\u00e4\u00dfige L\u00f6schung und Sperrung von personenbezogenen Daten<\/strong><\/p>\n<p>Der f\u00fcr die Verarbeitung Verantwortliche verarbeitet und speichert personenbezogene Daten der betroffenen Person nur f\u00fcr den Zeitraum, der zur Erreichung des Speicherungszwecks erforderlich ist oder sofern dies durch den Europ\u00e4ischen Richtlinien- und Verordnungsgeber oder einen anderen Gesetzgeber in Gesetzen oder Vorschriften, welchen der f\u00fcr die Verarbeitung Verantwortliche unterliegt, vorgesehen wurde.<\/p>\n<p>Entf\u00e4llt der Speicherungszweck oder l\u00e4uft eine vom Europ\u00e4ischen Richtlinien- und Verordnungsgeber oder einem anderen zust\u00e4ndigen Gesetzgeber vorgeschriebene Speicherfrist ab, werden die personenbezogenen Daten routinem\u00e4\u00dfig und entsprechend den gesetzlichen Vorschriften gesperrt oder gel\u00f6scht.<\/p>\n<p><strong>COOKIES<\/strong><\/p>\n<p class=\" translation-block\">Weiterf\u00fchrende Informationen zu unseren Cookies und wie sie diese deaktivieren k\u00f6nnen, finden Sie unter:<\/p>\n<p>Die Datenverarbeitung erfolgt auf Basis der gesetzlichen Bestimmungen des \u00a7 96 Abs 3 TKG sowie des Art 6 DSGVO (insbesondere Einwilligung). Da uns die Privatsph\u00e4re unserer Nutzer wichtig ist, werden die Nutzerdaten pseudonymisiert.<\/p>\n<p><strong>WAS ist ein \u201eCookie\u201c?<\/strong><\/p>\n<p>Ein Cookie ist eine kleine Textdatei, die beim Besuch einer Website von Ihrem Internetbrowser heruntergeladen wird. Beim n\u00e4chsten Aufruf dieser Website mit demselben Endger\u00e4t wird das Cookie entweder an die Website zur\u00fcckgesandt, die sie erzeugt hat (First-Party-Cookie) oder an eine andere Website gesandt, zu der es geh\u00f6rt (Third-Party-Cookie). Dadurch erkennt die Website, dass sie mit diesem Browser schon einmal aufgerufen wurde und kann so die Benutzererfahrung beim erneuten Aufruf verbessern. Cookies erinnern sich z. B. an Ihre Vorlieben und passen die angezeigten Angebote Ihren pers\u00f6nlichen Interessen und Bed\u00fcrfnissen an. Abh\u00e4ngig von ihrer Funktion und ihrem Verwendungszweck k\u00f6nnen Cookies in unterschiedliche Kategorien eingeteilt werden:<\/p>\n<p>\u2022 unbedingt notwendige Cookies, um grundlegende Funktionen der Website sicherzustellen<\/p>\n<p>\u2022 funktionelle Cookies, um die Leistung der Webseite sicherzustellen<\/p>\n<p>\u2022 zielorientierte Cookies, um das Benutzererlebnis zu verbessern<\/p>\n<p><strong>Mitglieder-Login<\/strong><\/p>\n<p class=\" translation-block\">Auf der Website http:\/\/www.ealive.com werden Cookies im Zusammenhang mit dem Member-Login verwendet. Es wird hierbei z.B. erkannt, dass ein Benutzer schon einen Nutzernamen und ein Passwort angegeben hat.<\/p>\n<p><strong>Statistische Auswertung (Tracking)<\/strong><\/p>\n<p>F\u00fcr die statistische Auswertung der Nutzung unseres Webangebotes werden die folgenden zielorientierten Cookies herangezogen:<\/p>\n<p><strong>Google Analytics<\/strong><\/p>\n<p>Diese Website nutzt Funktionen des Webanalysedienstes Google Analytics. Anbieter ist die Google Inc., 1600 Amphitheatre Parkway Mountain View, CA 94043, USA.<\/p>\n<p>Google Analytics verwendet solche zielorientierten Cookies.<\/p>\n<p>Mehr Informationen zum Umgang mit Nutzerdaten bei Google Analytics finden Sie in der Datenschutzerkl\u00e4rung von Google: <a href=\"https:\/\/support.google.com\/analytics\/answer\/6004245?hl=de\">https:\/\/support.google.com\/analytics\/answer\/6004245?hl=de<\/a><\/p>\n<p>Sie k\u00f6nnen die Erfassung der durch das Cookie erzeugten und auf Ihre Nutzung der Website bezogenen Daten an Google sowie die Verarbeitung dieser Daten durch Google verhindern, indem Sie das unter dem folgenden Link verf\u00fcgbare Browser-Plugin herunterladen und installieren: <a href=\"https:\/\/tools.google.com\/dlpage\/gaoptout?hl=de\">https:\/\/tools.google.com\/dlpage\/gaoptout?hl=de<\/a><\/p>\n<p>Wir haben mit Google einen Vertrag zur Auftragsdatenverarbeitung abgeschlossen.<\/p>\n<p><strong>IP-Anonymisierung<\/strong><\/p>\n<p>Wir nutzen die Funktion \u201eAktivierung der IP-Anonymisierung\u201c auf dieser Webseite. Dadurch wird Ihre IP-Adresse von Google innerhalb von Mitgliedstaaten der Europ\u00e4ischen Union oder in anderen Vertragsstaaten des Abkommens \u00fcber den Europ\u00e4ischen Wirtschaftsraum zuvor gek\u00fcrzt. Nur in Ausnahmef\u00e4llen wird die volle IP-Adresse an einen Server von Google in den USA \u00fcbertragen und dort gek\u00fcrzt. Im Auftrag des Betreibers dieser Website wird Google diese Informationen benutzen, um Ihre Nutzung der Website auszuwerten, um Reports \u00fcber die Websiteaktivit\u00e4ten zusammenzustellen und um weitere mit der Websitenutzung und der Internetnutzung verbundene Dienstleistungen gegen\u00fcber dem Websitebetreiber zu erbringen. Die im Rahmen von Google Analytics von Ihrem Browser \u00fcbermittelte IP-Adresse wird nicht mit anderen Daten von Google zusammengef\u00fchrt.<\/p>\n<p><strong>Social media cookies<\/strong><\/p>\n<p><a href=\"http:\/\/www.ealive.com\/\" rel=\"nofollow\">http:\/\/www.ealive.com<\/a> setzt standardm\u00e4\u00dfig keine Social Media Cookies und \u00fcbermittelt keinerlei Daten an Soziale Netzwerke. Erst ein aktiver Vorgang in einem Social Media Dienst (\u201esharen\u201c, \u201etweeten\u201c, \u201eliken\u201c\u2026) wird von diesem aufgezeichnet.<\/p>\n<p>Diese Buttons auf der Webseite sind eine Verlinkung auf das Firmenprofil des Anbieters im jeweiligen Dienst. Nach Weiterleitung gelten die dortigen Regeln f\u00fcr die Nutzung der Dienste. Diese entnehmen Sie bitte der zugeordneten Dokumentation auf den jeweiligen Webseiten.<\/p>\n<ul>\n<li><a href=\"https:\/\/de-de.facebook.com\/privacy\/explanation\">Facebook Datenschutzrichtlinie<\/a><\/li>\n<li><a href=\"https:\/\/de-de.facebook.com\/help\/instagram\/155833707900388\/\">Instagram Datenschutzrichtlinie<\/a><\/li>\n<li><a href=\"https:\/\/www.google.com\/intl\/de\/policies\/privacy\/\">YouTube Datenschutzrichtlinie<\/a><\/li>\n<\/ul>\n<p><strong>Ihre Rechte<\/strong><\/p>\n<p>Ihnen stehen grunds\u00e4tzlich die Rechte auf Auskunft, Berichtigung, L\u00f6schung, Einschr\u00e4nkung, Daten\u00fcbertragbarkeit, Widerruf und Widerspruch zu. Wenn Sie glauben, dass die Verarbeitung Ihrer Daten gegen das Datenschutzrecht verst\u00f6\u00dft oder Ihre datenschutzrechtlichen Anspr\u00fcche sonst in einer Weise verletzt worden sind, k\u00f6nnen Sie sich bei der Aufsichtsbeh\u00f6rde beschweren. In \u00d6sterreich ist dies die Datenschutzbeh\u00f6rde.<\/p>\n<p>Sie erreichen uns unter folgenden Kontaktdaten:<\/p>\n<p>EAL Entertainment Agency Live GmbH<\/p>\n<p>David Kaburek<\/p>\n<p>Geiselbergstrasse 36<\/p>\n<p>office@entertainmentagency.at<\/p>\n<p>Rechtsgrundlage der Verarbeitung<\/p>\n<p><strong>Wir verarbeiten Ihre Daten ausschlie\u00dflich auf Grundlage der gesetzlichen Bestimmungen (DSGVO, DSG 2018, TKG 2003).<\/strong><\/p>\n<p>Art. 6 I lit. a DS-GVO dient unserem Unternehmen als Rechtsgrundlage f\u00fcr Verarbeitungsvorg\u00e4nge, bei denen wir eine Einwilligung f\u00fcr einen bestimmten Verarbeitungszweck einholen. Ist die Verarbeitung personenbezogener Daten zur Erf\u00fcllung eines Vertrags, dessen Vertragspartei die betroffene Person ist, erforderlich, wie dies beispielsweise bei Verarbeitungsvorg\u00e4ngen der Fall ist, die f\u00fcr eine Lieferung von Waren oder die Erbringung einer sonstigen Leistung oder Gegenleistung notwendig sind, so beruht die Verarbeitung auf Art. 6 I lit. b DS-GVO. Gleiches gilt f\u00fcr solche Verarbeitungsvorg\u00e4nge, die zur Durchf\u00fchrung vorvertraglicher Ma\u00dfnahmen erforderlich sind, etwa in F\u00e4llen von Anfragen zu unseren Produkten oder Leistungen. Unterliegt unser Unternehmen einer rechtlichen Verpflichtung, durch welche eine Verarbeitung von personenbezogenen Daten erforderlich wird, wie beispielsweise zur Erf\u00fcllung steuerlicher Pflichten, so basiert die Verarbeitung auf Art. 6 I lit. c DS-GVO. In seltenen F\u00e4llen k\u00f6nnte die Verarbeitung von personenbezogenen Daten erforderlich werden, um lebenswichtige Interessen der betroffenen Person oder einer anderen nat\u00fcrlichen Person zu sch\u00fctzen. Dies w\u00e4re beispielsweise der Fall, wenn ein Besucher in unserem Betrieb verletzt werden w\u00fcrde und daraufhin sein Name, sein Alter, seine Krankenkassendaten oder sonstige lebenswichtige Informationen an einen Arzt, ein Krankenhaus oder sonstige Dritte weitergegeben werden m\u00fcssten. Dann w\u00fcrde die Verarbeitung auf Art. 6 I lit. d DS-GVO beruhen. Letztlich k\u00f6nnten Verarbeitungsvorg\u00e4nge auf Art. 6 I lit. f DS-GVO beruhen. Auf dieser Rechtsgrundlage basieren Verarbeitungsvorg\u00e4nge, die von keiner der vorgenannten Rechtsgrundlagen erfasst werden, wenn die Verarbeitung zur Wahrung eines berechtigten Interesses unseres Unternehmens oder eines Dritten erforderlich ist, sofern die Interessen, Grundrechte und Grundfreiheiten des Betroffenen nicht \u00fcberwiegen. Solche Verarbeitungsvorg\u00e4nge sind uns insbesondere deshalb gestattet, weil sie durch den Europ\u00e4ischen Gesetzgeber besonders erw\u00e4hnt wurden. Er vertrat insoweit die Auffassung, dass ein berechtigtes Interesse anzunehmen sein k\u00f6nnte, wenn die betroffene Person ein Kunde des Verantwortlichen ist (Erw\u00e4gungsgrund 47 Satz 2 DS-GVO).<\/p>\n<p><strong>\u00c4nderungen der Datenschutzerkl\u00e4rung<\/strong><\/p>\n<p>Wir behalten uns vor, die Datenschutzerkl\u00e4rung jederzeit zu \u00e4ndern, um sie an ge\u00e4nderte Rechtslagen, oder bei \u00c4nderungen des Online Shops sowie unserer Datenverarbeitung anzupassen. Dies gilt jedoch nur im Hinblick auf Erkl\u00e4rungen zur Datenverarbeitung. Sofern Einwilligungen der Kunden erforderlich sind oder Bestandteile der Datenschutzerkl\u00e4rung Regelungen des Vertragsverh\u00e4ltnisses mit den Kunden enthalten, erfolgen die \u00c4nderungen nur mit Zustimmung der Kunden.<\/p>\n<p>Wir bitten Sie, sich regelm\u00e4\u00dfig \u00fcber den Inhalt der Datenschutzerkl\u00e4rung und Neuerung zu informieren.<\/p>\n<p>(Stand: 30.11.2021)<\/p>\n<\/div><\/div><\/div><\/div><\/div>","protected":false},"excerpt":{"rendered":"","protected":false},"author":2,"featured_media":0,"parent":0,"menu_order":0,"comment_status":"closed","ping_status":"closed","template":"100-width.php","meta":[],"_links":{"self":[{"href":"https:\/\/www.ealive.at\/de\/wp-json\/wp\/v2\/pages\/21529"}],"collection":[{"href":"https:\/\/www.ealive.at\/de\/wp-json\/wp\/v2\/pages"}],"about":[{"href":"https:\/\/www.ealive.at\/de\/wp-json\/wp\/v2\/types\/page"}],"author":[{"embeddable":true,"href":"https:\/\/www.ealive.at\/de\/wp-json\/wp\/v2\/users\/2"}],"replies":[{"embeddable":true,"href":"https:\/\/www.ealive.at\/de\/wp-json\/wp\/v2\/comments?post=21529"}],"version-history":[{"count":3,"href":"https:\/\/www.ealive.at\/de\/wp-json\/wp\/v2\/pages\/21529\/revisions"}],"predecessor-version":[{"id":21624,"href":"https:\/\/www.ealive.at\/de\/wp-json\/wp\/v2\/pages\/21529\/revisions\/21624"}],"wp:attachment":[{"href":"https:\/\/www.ealive.at\/de\/wp-json\/wp\/v2\/media?parent=21529"}],"curies":[{"name":"wp","href":"https:\/\/api.w.org\/{rel}","templated":true}]}}